{"id":49,"date":"2015-03-12T17:40:57","date_gmt":"2015-03-12T15:40:57","guid":{"rendered":"http:\/\/orolskalny.jurik.sk\/?page_id=49"},"modified":"2015-07-06T12:11:37","modified_gmt":"2015-07-06T10:11:37","slug":"rehabilitacie","status":"publish","type":"page","link":"http:\/\/orolskalny.sk\/?page_id=49","title":{"rendered":"Rehabilit\u00e1cie"},"content":{"rendered":"<p><a href=\"http:\/\/orolskalny.sk\/wp-content\/uploads\/2015\/03\/DSC3313-copy.jpg\"><img loading=\"lazy\" decoding=\"async\" class=\"alignright size-thumbnail wp-image-279\" src=\"http:\/\/orolskalny.sk\/wp-content\/uploads\/2015\/03\/DSC3313-copy-150x150.jpg\" alt=\"_DSC3313-copy\" width=\"150\" height=\"150\" \/><\/a>Ka\u017edoro\u010dne sa dostane do \u013eudskej opatery v chovn\u00fdch a rehabilita\u010dn\u00fdch staniciach nieko\u013eko zranen\u00fdch, chor\u00fdch alebo len vy\u010derpan\u00fdch a vyhladovan\u00fdch jedincov. Naj\u010dastej\u0161ie s\u00fa to mlad\u00e9 orly kr\u00e1tko po vyleten\u00ed, ktor\u00e9 s\u00fa \u010dastokr\u00e1t len dezorientovan\u00e9 a n\u00e1sledkom nepriazniv\u00e9ho po\u010dasia vy\u010derpan\u00e9 a dehydrovan\u00e9. Dospel\u00e9 orly sa dost\u00e1vaj\u00fa do rehabilita\u010dn\u00fdch zariaden\u00ed po n\u00e1razoch do elektrick\u00fdch veden\u00ed, po zraneniach sp\u00f4soben\u00fdch streln\u00fdmi zbra\u0148ami, po kol\u00edzi\u00e1ch s dopravn\u00fdmi prostriedkami, po otrav\u00e1ch a po r\u00f4znych in\u00fdch \u00farazoch.<\/p>\n<p>V menej zlo\u017eit\u00fdch pr\u00edpadoch, ako je napr. vy\u010derpanie, sa orl\u00ed pacienti po zotaven\u00ed zakr\u00e1tko vyp\u00fa\u0161\u0165aj\u00fa sp\u00e4\u0165 do pr\u00edrody. Komplikovanej\u0161ie pr\u00edpady vy\u017eaduj\u00fa dlhodob\u00fa lie\u010dbu a neraz aj oper\u00e1ciu zlomen\u00fdch kon\u010dat\u00edn. Bohu\u017eia\u013e, vyskytuj\u00fa sa aj pr\u00edpady, kedy je zranenie alebo ochorenie v \u0161t\u00e1diu, kedy u\u017e postihnut\u00e9mu jedincovi nie je mo\u017en\u00e9 pom\u00f4c\u0165.<\/p>\n","protected":false},"excerpt":{"rendered":"<p>Ka\u017edoro\u010dne sa dostane do \u013eudskej opatery v chovn\u00fdch a rehabilita\u010dn\u00fdch staniciach nieko\u013eko zranen\u00fdch, chor\u00fdch alebo len vy\u010derpan\u00fdch a vyhladovan\u00fdch jedincov. Naj\u010dastej\u0161ie s\u00fa to mlad\u00e9 orly kr\u00e1tko po vyleten\u00ed, ktor\u00e9 s\u00fa \u010dastokr\u00e1t len dezorientovan\u00e9 a n\u00e1sledkom nepriazniv\u00e9ho po\u010dasia vy\u010derpan\u00e9 a dehydrovan\u00e9. Dospel\u00e9 orly sa dost\u00e1vaj\u00fa do rehabilita\u010dn\u00fdch zariaden\u00ed po n\u00e1razoch do elektrick\u00fdch veden\u00ed, po zraneniach sp\u00f4soben\u00fdch [&hellip;]<\/p>\n","protected":false},"author":1,"featured_media":0,"parent":0,"menu_order":0,"comment_status":"closed","ping_status":"closed","template":"","meta":{"footnotes":"","_links_to":"","_links_to_target":""},"class_list":["post-49","page","type-page","status-publish","hentry","post"],"_links":{"self":[{"href":"http:\/\/orolskalny.sk\/index.php?rest_route=\/wp\/v2\/pages\/49"}],"collection":[{"href":"http:\/\/orolskalny.sk\/index.php?rest_route=\/wp\/v2\/pages"}],"about":[{"href":"http:\/\/orolskalny.sk\/index.php?rest_route=\/wp\/v2\/types\/page"}],"author":[{"embeddable":true,"href":"http:\/\/orolskalny.sk\/index.php?rest_route=\/wp\/v2\/users\/1"}],"replies":[{"embeddable":true,"href":"http:\/\/orolskalny.sk\/index.php?rest_route=%2Fwp%2Fv2%2Fcomments&post=49"}],"version-history":[{"count":2,"href":"http:\/\/orolskalny.sk\/index.php?rest_route=\/wp\/v2\/pages\/49\/revisions"}],"predecessor-version":[{"id":280,"href":"http:\/\/orolskalny.sk\/index.php?rest_route=\/wp\/v2\/pages\/49\/revisions\/280"}],"wp:attachment":[{"href":"http:\/\/orolskalny.sk\/index.php?rest_route=%2Fwp%2Fv2%2Fmedia&parent=49"}],"curies":[{"name":"wp","href":"https:\/\/api.w.org\/{rel}","templated":true}]}}