{"id":180,"date":"2015-07-06T09:20:57","date_gmt":"2015-07-06T07:20:57","guid":{"rendered":"http:\/\/orolskalny.jurik.sk\/?page_id=180"},"modified":"2015-09-30T02:30:32","modified_gmt":"2015-09-30T00:30:32","slug":"povinne-zverejnovanie-2","status":"publish","type":"page","link":"http:\/\/orolskalny.sk\/?page_id=180","title":{"rendered":"Povinn\u00e9 zverej\u0148ovanie"},"content":{"rendered":"<p>Projekt Spolupr\u00e1ca z\u00e1chrann\u00fdch stan\u00edc v oblasti biodiverzity a ekov\u00fdchovy<\/p>\n<p>&nbsp;<\/p>\n<p>Uzavret\u00e9 zmluvy:<\/p>\n<p>Zverejnen\u00e9 d\u0148a 1.10.2014 | <a href=\"http:\/\/orolskalny.sk\/wp-content\/uploads\/2015\/07\/20141001_01_mand_zml_Ach_manazer_SIPEKU_Kubik.pdf\">20141001_01<\/a><\/p>\n<p>Zverejnen\u00e9 d\u0148a 1.10.2014 | <a href=\"http:\/\/orolskalny.sk\/wp-content\/uploads\/2015\/07\/20141001_02_mand_zml_Ach_uctovn\u00edk_Esprit.pdf\">20141001_02<\/a><\/p>\n<p>Zverejnen\u00e9 d\u0148a 1.10.2014 | <a href=\"http:\/\/orolskalny.sk\/wp-content\/uploads\/2015\/07\/20141001_03_mand_zml_Ach_monitoring_Rucka.pdf\">20141001_03<\/a><\/p>\n<p>Zverejnen\u00e9 d\u0148a 1.10.2014 | <a href=\"http:\/\/orolskalny.sk\/wp-content\/uploads\/2015\/07\/20141001_04_mand_zml_Ach_monitoring_Zuskinova.pdf\">20141001_04<\/a><\/p>\n<p>Zverejnen\u00e9 d\u0148a 1.10.2014 | <a href=\"http:\/\/orolskalny.sk\/wp-content\/uploads\/2015\/07\/20141001_05_mand_zml_Ach_monitoring_Dobrota.pdf\">20141001_05<\/a><\/p>\n<p>Zverejnen\u00e9 d\u0148a 1.10.2014 | <a href=\"http:\/\/orolskalny.sk\/wp-content\/uploads\/2015\/07\/20141001_06_mand_zml_prednasky_Kalisky.pdf\">20141001_06<\/a><\/p>\n<p>Zverejnen\u00e9 d\u0148a 1.10.2014 | <a href=\"http:\/\/orolskalny.sk\/wp-content\/uploads\/2015\/07\/20141001_07_mand_zml_strazenie_Medved.pdf\">20141001_07<\/a><\/p>\n<p>Zverejnen\u00e9 d\u0148a 1.10.2014 | <a href=\"http:\/\/orolskalny.sk\/wp-content\/uploads\/2015\/07\/20141001_08_mand_zml_strazenie_Sipeku_Kubik.pdf\">20141001_08<\/a><\/p>\n<p>&nbsp;<\/p>\n<p>&nbsp;<\/p>\n<p>V\u00fdzvy na verejn\u00e9 obstar\u00e1vanie ALCEDO:<\/p>\n<p>Zverejnen\u00e9 d\u0148a 5.5.2015 | <a href=\"http:\/\/orolskalny.sk\/wp-content\/uploads\/2015\/07\/Vyzva_na_cen_ponuku_webstranka.pdf\">Web str\u00e1nka projektu<\/a><\/p>\n<p>Zverejnen\u00e9 d\u0148a 2.4.2015 | <a href=\"http:\/\/orolskalny.sk\/wp-content\/uploads\/2015\/07\/Vyzva_na_cen_ponuku_brozura_orol_skalny_pre_www_stranku.pdf\">Bro\u017e\u00fara orol skaln\u00fd<\/a><\/p>\n<p>Zverejnen\u00e9 d\u0148a 1.4.2015 | <a href=\"http:\/\/orolskalny.sk\/wp-content\/uploads\/2015\/07\/Vyzva_na_cen_ponuku_dalekohlady_stativy-a-iny-material_www_stranka.pdf\">N\u00e1kup \u010falekoh\u013eadov, stat\u00edvov a \u010fal\u0161\u00edch tovarov<\/a><\/p>\n<p>Zverejnen\u00e9 d\u0148a 1.4.2015 | <a href=\"http:\/\/orolskalny.sk\/wp-content\/uploads\/2015\/07\/Vyzva_na_cen_ponuku_materialno-technicke_vybavenie_www_stranka.pdf\">Materi\u00e1lno technick\u00e9 vybavenie<\/a><\/p>\n<p>&nbsp;<\/p>\n","protected":false},"excerpt":{"rendered":"<p>Projekt Spolupr\u00e1ca z\u00e1chrann\u00fdch stan\u00edc v oblasti biodiverzity a ekov\u00fdchovy &nbsp; Uzavret\u00e9 zmluvy: Zverejnen\u00e9 d\u0148a 1.10.2014 | 20141001_01 Zverejnen\u00e9 d\u0148a 1.10.2014 | 20141001_02 Zverejnen\u00e9 d\u0148a 1.10.2014 | 20141001_03 Zverejnen\u00e9 d\u0148a 1.10.2014 | 20141001_04 Zverejnen\u00e9 d\u0148a 1.10.2014 | 20141001_05 Zverejnen\u00e9 d\u0148a 1.10.2014 | 20141001_06 Zverejnen\u00e9 d\u0148a 1.10.2014 | 20141001_07 Zverejnen\u00e9 d\u0148a 1.10.2014 | 20141001_08 &nbsp; &nbsp; V\u00fdzvy [&hellip;]<\/p>\n","protected":false},"author":1,"featured_media":0,"parent":0,"menu_order":0,"comment_status":"closed","ping_status":"closed","template":"","meta":{"footnotes":"","_links_to":"","_links_to_target":""},"class_list":["post-180","page","type-page","status-publish","hentry","post"],"_links":{"self":[{"href":"http:\/\/orolskalny.sk\/index.php?rest_route=\/wp\/v2\/pages\/180"}],"collection":[{"href":"http:\/\/orolskalny.sk\/index.php?rest_route=\/wp\/v2\/pages"}],"about":[{"href":"http:\/\/orolskalny.sk\/index.php?rest_route=\/wp\/v2\/types\/page"}],"author":[{"embeddable":true,"href":"http:\/\/orolskalny.sk\/index.php?rest_route=\/wp\/v2\/users\/1"}],"replies":[{"embeddable":true,"href":"http:\/\/orolskalny.sk\/index.php?rest_route=%2Fwp%2Fv2%2Fcomments&post=180"}],"version-history":[{"count":5,"href":"http:\/\/orolskalny.sk\/index.php?rest_route=\/wp\/v2\/pages\/180\/revisions"}],"predecessor-version":[{"id":297,"href":"http:\/\/orolskalny.sk\/index.php?rest_route=\/wp\/v2\/pages\/180\/revisions\/297"}],"wp:attachment":[{"href":"http:\/\/orolskalny.sk\/index.php?rest_route=%2Fwp%2Fv2%2Fmedia&parent=180"}],"curies":[{"name":"wp","href":"https:\/\/api.w.org\/{rel}","templated":true}]}}